{"id":129,"date":"2023-04-04T14:12:22","date_gmt":"2023-04-04T12:12:22","guid":{"rendered":"https:\/\/www.moosfrei.ch\/it\/?page_id=129"},"modified":"2023-05-10T08:29:48","modified_gmt":"2023-05-10T06:29:48","slug":"informazioni-utili","status":"publish","type":"page","link":"https:\/\/www.moosfrei.ch\/it\/informazioni-utili\/","title":{"rendered":"Informazioni Utili"},"content":{"rendered":"\t\t<div data-elementor-type=\"wp-page\" data-elementor-id=\"129\" class=\"elementor elementor-129\" data-elementor-post-type=\"page\">\n\t\t\t\t<div class=\"elementor-element elementor-element-abe2949 e-flex e-con-boxed e-con e-parent\" data-id=\"abe2949\" data-element_type=\"container\" data-e-type=\"container\">\n\t\t\t\t\t<div class=\"e-con-inner\">\n\t\t\t\t<div class=\"elementor-element elementor-element-745d488 elementor-widget elementor-widget-jet-accordion\" data-id=\"745d488\" data-element_type=\"widget\" data-e-type=\"widget\" data-widget_type=\"jet-accordion.default\">\n\t\t\t\t<div class=\"elementor-widget-container\">\n\t\t\t\t\t\t\t\t\t<div class=\"jet-accordion\" data-settings=\"{&quot;collapsible&quot;:false,&quot;ajaxTemplate&quot;:false,&quot;switchScrolling&quot;:false,&quot;switchScrollingTablet&quot;:false,&quot;switchScrollingMobile&quot;:false,&quot;switchScrollingOffset&quot;:{&quot;size&quot;:0,&quot;unit&quot;:&quot;px&quot;},&quot;switchScrollingOffsetTablet&quot;:{&quot;size&quot;:0,&quot;unit&quot;:&quot;px&quot;},&quot;switchScrollingOffsetMobile&quot;:{&quot;size&quot;:0,&quot;unit&quot;:&quot;px&quot;},&quot;switchScrollingDelay&quot;:500,&quot;switchScrollingDelayTablet&quot;:500,&quot;switchScrollingDelayMobile&quot;:500}\">\n\t\t\t<div class=\"jet-accordion__inner\">\n\t\t\t\t<div class=\" jet-accordion__item jet-toggle jet-toggle-move-up-effect \">\n\t\t\t\t\t\t\t<div id=\"jet-toggle-control-1221\" class=\"jet-toggle__control elementor-menu-anchor\" data-toggle=\"1\" role=\"button\" tabindex=\"0\" aria-controls=\"jet-toggle-content-1221\" aria-expanded=\"false\" data-template-id=\"false\">\n\t\t\t\t\t\t\t\t<div class=\"jet-toggle__label-text\"> Quali sono le principali cause delle infestazioni di muschi e alghe?<\/div>\t\t\t\t\t\t\t<\/div>\n\t\t\t\t\t\t\t<div id=\"jet-toggle-content-1221\" class=\"jet-toggle__content\" data-toggle=\"1\" role=\"region\" data-template-id=\"false\">\n\t\t\t\t\t\t\t\t<div class=\"jet-toggle__content-inner\"><p>TIPO DI FONDO<br \/>\nAnche la scelta dell\u2019intonaco riveste un ruolo fondamentale. L\u2019impregnazione o l\u2019effetto loto purtroppo non mantengono ci\u00f2 che promettono, almeno per quanto riguarda la crescita delle alghe. Le gocce di rugiada sono di diversi ordini di grandezza pi\u00f9 piccole rispetto alle gocce di pioggia e quindi non scorrono via da sole. Poich\u00e9 l\u2019impregnazione impedisce che l\u2019intonaco le assorba, le gocce di rugiada rimangono sulla facciata fino a quando non si arriva alla completa asciugatura. Nel caso si scelga un intonaco convenzionale, la rugiada viene assorbita e distribuita su una superficie pi\u00f9 ampia.<\/p>\n<p>CONDIZIONI DI AERAZIONE SBAGLIATE<br \/>\nLa colorazione nera che si vede spesso su singole finestre \u00e8 il segnale di un\u2019aerazione sbagliata. Tale colorazione indica una cospicua proliferazione di alghe. A causa delle condizioni di aerazione sbagliate (ventilazione a inclinazione continua) esce costantemente aria calda e umida che risale lungo la facciata. In questo modo, specialmente durante le stagioni fredde, subito al di sopra delle finestre si forma della condensa: e dove c\u2019\u00e8 umidit\u00e0, ci sono anche le alghe.<\/p>\n<p>FORMAZIONE DI CONDENSA<br \/>\nL\u2019isolamento termico \u00e8 la causa principale della formazione precoce di muschi e alghe sulle facciate delle case. A causa dell\u2019isolante, l\u2019intonaco \u00e8 separato dalla muratura in maniera cos\u00ec netta che non riceve alcun calore dall\u2019interno della casa. In seguito alla sua ridotta capacit\u00e0 di conservare il calore, la superficie esterna di notte si raffredda velocemente e sulla facciata si forma della condensa. Questo effetto \u00e8 paragonabile a quello che si vede su una lattina di bibita fredda durante l\u2019estate.<\/p>\n<p>POSIZIONE DELL\u2019IMMOBILE<br \/>\nLe facciate di edifici che si trovano in campagna sono colpite maggiormente rispetto a quelle di immobili che si trovano in citt\u00e0. Anche la vicinanza di spazi verdi, boschi o singoli alberi o arbusti favorisce la proliferazione delle alghe. L\u2019infestazione microbica \u00e8 rafforzata anche dalla presenza di fiumi, laghi, stagni o biotopi.<\/p>\n<p>ORIENTAMENTO GEOGRAFICO DELL\u2019EDIFICIO<br \/>\nSpesso ad essere particolarmente colpiti sono i lati della casa che sono esposti alle intemperie, in quanto poco raggiunti dalla luce del sole.<\/p>\n<p>SPRUZZI D\u2019ACQUA<br \/>\nSi raccomanda anche di non posizionare oggetti (vasi di fiori, pattumiere\u2026) direttamente a ridosso della facciata della casa.<\/p>\n<p>DAVANZALI DELLE FINESTRE<br \/>\nSe i davanzali delle finestre sono troppo corti non riescono a smaltire adeguatamente l\u2019acqua piovana che vi si accumula e che scivola quindi lungo la facciata. Si formano cos\u00ec spesso delle \u201cstrisce\u201d sotto i davanzali.<\/p>\n<p>COMPOSIZIONE DELL\u2019ARIA<br \/>\nNegli ultimi anni l\u2019aria \u00e8 diventata pi\u00f9 pulita. Ci\u00f2 favorisce le spore delle alghe, che trasportate dal vento possono cos\u00ec arrivare liberamente fino alla facciata.<\/p>\n<p>DIFETTI COSTRUTTIVI<br \/>\nUna gronda troppo piccola o addirittura assente contribuisce all\u2019infestazione, poich\u00e9 sulla facciata arriva molta acqua piovana in pi\u00f9.<\/p>\n<p>TEMPERATURA MEDIA ANNULE<br \/>\nAnche in questo caso c\u2019\u00e8 stato un aumento continuo negli ultimi anni. E alle alghe piacciono il caldo e l\u2019umidit\u00e0.<\/p>\n<\/div>\n\t\t\t\t\t\t\t<\/div>\n\t\t\t\t\t\t<\/div><div class=\" jet-accordion__item jet-toggle jet-toggle-move-up-effect \">\n\t\t\t\t\t\t\t<div id=\"jet-toggle-control-1222\" class=\"jet-toggle__control elementor-menu-anchor\" data-toggle=\"2\" role=\"button\" tabindex=\"0\" aria-controls=\"jet-toggle-content-1222\" aria-expanded=\"false\" data-template-id=\"false\">\n\t\t\t\t\t\t\t\t<div class=\"jet-toggle__label-text\"> Quali tipi di alghe esistono?<\/div>\t\t\t\t\t\t\t<\/div>\n\t\t\t\t\t\t\t<div id=\"jet-toggle-content-1222\" class=\"jet-toggle__content\" data-toggle=\"2\" role=\"region\" data-template-id=\"false\">\n\t\t\t\t\t\t\t\t<div class=\"jet-toggle__content-inner\"><p>ALGA VERDE<br \/>\nQuesto tipo di alga si sviluppa spesso nei pressi di boschi, alberi e arbusti.<\/p>\n<p>ALGA NERA<br \/>\nQuesto tipo di alga viene molto spesso confusa con le particelle provenienti dal traffico o la sporcizia. Se la vostra facciata presenta un\u2019ampia area scura e non si trova direttamente nei pressi di un\u2019autostrada o di una strada molto trafficata, allora molto probabilmente \u00e8 colpita da un\u2019infestazione di alghe nere.<\/p>\n<p>ALGA ROSSA<br \/>\nIl colore rosso proviene dal carotene (termine che deriva dal latino \u201ccarota\u201d) in essa contenuto. Questo tipo di alga ha un aspetto del tutto peculiare. Si presenta infatti principalmente sotto forma di strisce rosse verticali e infesta soltanto determinati tipi di intonaco.<\/p>\n<\/div>\n\t\t\t\t\t\t\t<\/div>\n\t\t\t\t\t\t<\/div><div class=\" jet-accordion__item jet-toggle jet-toggle-move-up-effect \">\n\t\t\t\t\t\t\t<div id=\"jet-toggle-control-1223\" class=\"jet-toggle__control elementor-menu-anchor\" data-toggle=\"3\" role=\"button\" tabindex=\"0\" aria-controls=\"jet-toggle-content-1223\" aria-expanded=\"false\" data-template-id=\"false\">\n\t\t\t\t\t\t\t\t<div class=\"jet-toggle__label-text\"> Perch\u00e9 Moosfrei \u00e8 un trattamento e non una pulizia?<\/div>\t\t\t\t\t\t\t<\/div>\n\t\t\t\t\t\t\t<div id=\"jet-toggle-content-1223\" class=\"jet-toggle__content\" data-toggle=\"3\" role=\"region\" data-template-id=\"false\">\n\t\t\t\t\t\t\t\t<div class=\"jet-toggle__content-inner\"><p>Siccome il principio attivo di Moosfrei si applica solo sui punti colpiti dall\u2019infestazione, innestando quindi un sistema di autopulizia, non si pu\u00f2 parlare di pulizia in senso classico ma piuttosto di un trattamento con effetto a lungo termine.<\/p>\n<\/div>\n\t\t\t\t\t\t\t<\/div>\n\t\t\t\t\t\t<\/div><div class=\" jet-accordion__item jet-toggle jet-toggle-move-up-effect \">\n\t\t\t\t\t\t\t<div id=\"jet-toggle-control-1224\" class=\"jet-toggle__control elementor-menu-anchor\" data-toggle=\"4\" role=\"button\" tabindex=\"0\" aria-controls=\"jet-toggle-content-1224\" aria-expanded=\"false\" data-template-id=\"false\">\n\t\t\t\t\t\t\t\t<div class=\"jet-toggle__label-text\"> Il trattamento Moosfrei pu\u00f2 essere eseguito anche autonomamente?<\/div>\t\t\t\t\t\t\t<\/div>\n\t\t\t\t\t\t\t<div id=\"jet-toggle-content-1224\" class=\"jet-toggle__content\" data-toggle=\"4\" role=\"region\" data-template-id=\"false\">\n\t\t\t\t\t\t\t\t<div class=\"jet-toggle__content-inner\"><p>Non vi consigliamo di provare ad eliminare le alghe da soli. Se la superficie non \u00e8 stata adeguatamente pretrattata, un\u2019infestazione da alghe pu\u00f2 essere eliminata solo con acqua ad altissima pressione. Questo trattamento erode l\u2019intonaco e lo rende pi\u00f9 ruvido. Inoltre l\u2019infestazione non viene debellata fino in profondit\u00e0. Come conseguenza le alghe e i funghi ricrescono ancora pi\u00f9 velocemente e ritornano visibili entro pochi mesi. Inoltre i risultati che si ottengono sono nella maggior parte dei casi insoddisfacenti e le strisce causate dai passaggi con l\u2019idropulitrice resteranno chiaramente visibili. Il principio attivo di Moosfrei non pu\u00f2 essere acquistato e applicato autonomamente.<\/p>\n<\/div>\n\t\t\t\t\t\t\t<\/div>\n\t\t\t\t\t\t<\/div><div class=\" jet-accordion__item jet-toggle jet-toggle-move-up-effect \">\n\t\t\t\t\t\t\t<div id=\"jet-toggle-control-1225\" class=\"jet-toggle__control elementor-menu-anchor\" data-toggle=\"5\" role=\"button\" tabindex=\"0\" aria-controls=\"jet-toggle-content-1225\" aria-expanded=\"false\" data-template-id=\"false\">\n\t\t\t\t\t\t\t\t<div class=\"jet-toggle__label-text\">Ritinteggiare non \u00e8 l\u2019opzione migliore?<\/div>\t\t\t\t\t\t\t<\/div>\n\t\t\t\t\t\t\t<div id=\"jet-toggle-content-1225\" class=\"jet-toggle__content\" data-toggle=\"5\" role=\"region\" data-template-id=\"false\">\n\t\t\t\t\t\t\t\t<div class=\"jet-toggle__content-inner\"><p>Naturalmente \u00e8 possibile far ridipingere la facciata. Con il nostro metodo, tuttavia, \u00e8 possibile per la prima volta eliminare completamente l&#8217;infestazione di licheni e alghe senza dover ricorrere a costose e lunghe riverniciature. Il nostro trattamento uccide i licheni, le alghe e i licheni fino ai pori e al 100% e li rimuove dal supporto. L&#8217;intonaco non viene irruvidito n\u00e9 lavato. Grazie alla penetrazione profonda, la superficie trattata \u00e8 protetta dai licheni neri per 6-10 anni e dalle alghe verdi per 2-5 anni, nelle migliori condizioni possibili. Non avendo bisogno di impalcature, questa procedura \u00e8 estremamente economica. Si risparmia circa l&#8217;80% dei costi rispetto alla riverniciatura.<\/p>\n<\/div>\n\t\t\t\t\t\t\t<\/div>\n\t\t\t\t\t\t<\/div><div class=\" jet-accordion__item jet-toggle jet-toggle-move-up-effect \">\n\t\t\t\t\t\t\t<div id=\"jet-toggle-control-1226\" class=\"jet-toggle__control elementor-menu-anchor\" data-toggle=\"6\" role=\"button\" tabindex=\"0\" aria-controls=\"jet-toggle-content-1226\" aria-expanded=\"false\" data-template-id=\"false\">\n\t\t\t\t\t\t\t\t<div class=\"jet-toggle__label-text\">Quali dati servono per richiedere un preventivo?<\/div>\t\t\t\t\t\t\t<\/div>\n\t\t\t\t\t\t\t<div id=\"jet-toggle-content-1226\" class=\"jet-toggle__content\" data-toggle=\"6\" role=\"region\" data-template-id=\"false\">\n\t\t\t\t\t\t\t\t<div class=\"jet-toggle__content-inner\"><p>Per potervi proporre un\u2019offerta vincolante serve che ci comunichiate i seguenti dati:<\/p>\n<p>Cognome\/nome:<br \/>\nIndirizzo:<br \/>\nNPA\/localit\u00e0:<br \/>\nE-mail:<br \/>\nTelefono:<br \/>\nTipo di superficie sporca:<br \/>\nDimensioni della superficie\/delle superfici:<br \/>\nData desiderata per il trattamento:<\/p>\n<\/div>\n\t\t\t\t\t\t\t<\/div>\n\t\t\t\t\t\t<\/div>\t\t\t<\/div>\n\t\t<\/div>\n\t\t\t\t\t\t<\/div>\n\t\t\t\t<\/div>\n\t\t\t\t\t<\/div>\n\t\t\t\t<\/div>\n\t\t\t\t<\/div>\n\t\t","protected":false},"excerpt":{"rendered":"<p>Was sind Hauptgr\u00fcnde f\u00fcr den Flechten und Algenbefall? ART DES UNTERGRUNDES Auch die Wahl des Putzes spielt eine wesentliche Rolle. Sogenannte Impr\u00e4gnierungen oder Lotuseffekte halten leider nicht das, was sie versprechen \u2013 zumindest, wenn es um Algenwachstum geht. Tautropfen sind um ein Vielfaches kleiner als Regentropfen und flie\u00dfen deswegen nicht von selbst ab. Da aber [&hellip;]<\/p>\n","protected":false},"author":1,"featured_media":0,"parent":0,"menu_order":0,"comment_status":"closed","ping_status":"closed","template":"","meta":[],"class_list":["post-129","page","type-page","status-publish","hentry"],"_links":{"self":[{"href":"https:\/\/www.moosfrei.ch\/it\/wp-json\/wp\/v2\/pages\/129","targetHints":{"allow":["GET"]}}],"collection":[{"href":"https:\/\/www.moosfrei.ch\/it\/wp-json\/wp\/v2\/pages"}],"about":[{"href":"https:\/\/www.moosfrei.ch\/it\/wp-json\/wp\/v2\/types\/page"}],"author":[{"embeddable":true,"href":"https:\/\/www.moosfrei.ch\/it\/wp-json\/wp\/v2\/users\/1"}],"replies":[{"embeddable":true,"href":"https:\/\/www.moosfrei.ch\/it\/wp-json\/wp\/v2\/comments?post=129"}],"version-history":[{"count":10,"href":"https:\/\/www.moosfrei.ch\/it\/wp-json\/wp\/v2\/pages\/129\/revisions"}],"predecessor-version":[{"id":1345,"href":"https:\/\/www.moosfrei.ch\/it\/wp-json\/wp\/v2\/pages\/129\/revisions\/1345"}],"wp:attachment":[{"href":"https:\/\/www.moosfrei.ch\/it\/wp-json\/wp\/v2\/media?parent=129"}],"curies":[{"name":"wp","href":"https:\/\/api.w.org\/{rel}","templated":true}]}}