{"id":279,"date":"2023-04-11T11:12:34","date_gmt":"2023-04-11T09:12:34","guid":{"rendered":"https:\/\/www.moosfrei.ch\/fr\/?page_id=279"},"modified":"2023-04-21T17:31:10","modified_gmt":"2023-04-21T15:31:10","slug":"facade-traitements","status":"publish","type":"page","link":"https:\/\/www.moosfrei.ch\/fr\/facade-traitements\/","title":{"rendered":"Traitements"},"content":{"rendered":"\t\t<div data-elementor-type=\"wp-page\" data-elementor-id=\"279\" class=\"elementor elementor-279\" data-elementor-post-type=\"page\">\n\t\t\t\t<div class=\"elementor-element elementor-element-8420d1c e-flex e-con-boxed e-con e-parent\" data-id=\"8420d1c\" data-element_type=\"container\" data-e-type=\"container\" data-settings=\"{&quot;background_background&quot;:&quot;classic&quot;}\">\n\t\t\t\t\t<div class=\"e-con-inner\">\n\t\t<div class=\"elementor-element elementor-element-a876abd e-con-full e-flex e-con e-child\" data-id=\"a876abd\" data-element_type=\"container\" data-e-type=\"container\">\n\t\t\t\t<div class=\"elementor-element elementor-element-3bbbc4a elementor-widget elementor-widget-image\" data-id=\"3bbbc4a\" data-element_type=\"widget\" data-e-type=\"widget\" data-settings=\"{&quot;_animation&quot;:&quot;none&quot;,&quot;_animation_delay&quot;:0}\" data-widget_type=\"image.default\">\n\t\t\t\t<div class=\"elementor-widget-container\">\n\t\t\t\t\t\t\t\t\t\t\t\t\t\t\t<img fetchpriority=\"high\" decoding=\"async\" width=\"800\" height=\"533\" src=\"https:\/\/www.moosfrei.ch\/fr\/wp-content\/uploads\/sites\/2\/2023\/04\/fassadenreinigung-schweiz-1024x682.jpeg\" class=\"attachment-large size-large wp-image-232\" alt=\"-\" srcset=\"https:\/\/www.moosfrei.ch\/fr\/wp-content\/uploads\/sites\/2\/2023\/04\/fassadenreinigung-schweiz-1024x682.jpeg 1024w, https:\/\/www.moosfrei.ch\/fr\/wp-content\/uploads\/sites\/2\/2023\/04\/fassadenreinigung-schweiz-300x200.jpeg 300w, https:\/\/www.moosfrei.ch\/fr\/wp-content\/uploads\/sites\/2\/2023\/04\/fassadenreinigung-schweiz-768x512.jpeg 768w, https:\/\/www.moosfrei.ch\/fr\/wp-content\/uploads\/sites\/2\/2023\/04\/fassadenreinigung-schweiz.jpeg 1400w\" sizes=\"(max-width: 800px) 100vw, 800px\">\t\t\t\t\t\t\t\t\t\t\t\t\t\t\t<\/div>\n\t\t\t\t<\/div>\n\t\t\t\t<\/div>\n\t\t<div class=\"elementor-element elementor-element-1d7439e e-con-full e-flex e-con e-child\" data-id=\"1d7439e\" data-element_type=\"container\" data-e-type=\"container\">\n\t\t\t\t<div class=\"elementor-element elementor-element-7e3be6b elementor-widget elementor-widget-heading\" data-id=\"7e3be6b\" data-element_type=\"widget\" data-e-type=\"widget\" data-widget_type=\"heading.default\">\n\t\t\t\t<div class=\"elementor-widget-container\">\n\t\t\t\t\t<p class=\"elementor-heading-title elementor-size-default\">L\u2019infestation par les algues \u2013 c\u2019est fini!<\/p>\t\t\t\t<\/div>\n\t\t\t\t<\/div>\n\t\t\t\t<div class=\"elementor-element elementor-element-bfc493b elementor-widget elementor-widget-text-editor\" data-id=\"bfc493b\" data-element_type=\"widget\" data-e-type=\"widget\" data-widget_type=\"text-editor.default\">\n\t\t\t\t<div class=\"elementor-widget-container\">\n\t\t\t\t\t\t\t\t\t<p>La mousse et les algues donnent une apparence inesth\u00e9tique aux fa\u00e7ades et, de plus, elles endommagent la surface. Nombreux sont les prestataires de nettoyage classique des fa\u00e7ades qui offrent comme solution le nettoyage avec des brosses ou des nettoyeurs \u00e0 haute pression. Certes, cette m\u00e9thode permet d\u2019obtenir des r\u00e9sultats rapides, mais l\u2019agression massive modifie la structure de la surface de la fa\u00e7ade, ce qui favorise d\u2019autant plus l\u2019infestation future par la mousse.<\/p>\n<p>On peut l\u2019emp\u00eacher. Moosfrei attaque le probl\u00e8me \u00e0 la racine, la m\u00e9thode est douce et le r\u00e9sultat est durable.<\/p>\n\t\t\t\t\t\t\t\t<\/div>\n\t\t\t\t<\/div>\n\t\t\t\t<\/div>\n\t\t\t\t\t<\/div>\n\t\t\t\t<\/div>\n\t\t<div class=\"elementor-element elementor-element-3898c73 e-flex e-con-boxed e-con e-parent\" data-id=\"3898c73\" data-element_type=\"container\" data-e-type=\"container\">\n\t\t\t\t\t<div class=\"e-con-inner\">\n\t\t<div class=\"elementor-element elementor-element-06aa721 e-con-full e-flex e-con e-child\" data-id=\"06aa721\" data-element_type=\"container\" data-e-type=\"container\">\n\t\t\t\t<div class=\"elementor-element elementor-element-2ba9cae elementor-widget elementor-widget-heading\" data-id=\"2ba9cae\" data-element_type=\"widget\" data-e-type=\"widget\" data-widget_type=\"heading.default\">\n\t\t\t\t<div class=\"elementor-widget-container\">\n\t\t\t\t\t<p class=\"elementor-heading-title elementor-size-default\">Comment pouvons-nous vous aider ?<\/p>\t\t\t\t<\/div>\n\t\t\t\t<\/div>\n\t\t\t\t<div class=\"elementor-element elementor-element-b565873 elementor-widget elementor-widget-heading\" data-id=\"b565873\" data-element_type=\"widget\" data-e-type=\"widget\" data-widget_type=\"heading.default\">\n\t\t\t\t<div class=\"elementor-widget-container\">\n\t\t\t\t\t<p class=\"elementor-heading-title elementor-size-default\">Nos traitements anti-mousse<\/p>\t\t\t\t<\/div>\n\t\t\t\t<\/div>\n\t\t\t\t<\/div>\n\t\t\t\t<div class=\"elementor-element elementor-element-00be927 elementor-widget elementor-widget-jet-listing-grid\" data-id=\"00be927\" data-element_type=\"widget\" data-e-type=\"widget\" data-settings=\"{&quot;columns&quot;:&quot;2&quot;,&quot;columns_mobile&quot;:&quot;1&quot;}\" data-widget_type=\"jet-listing-grid.default\">\n\t\t\t\t<div class=\"elementor-widget-container\">\n\t\t\t\t\t<div class=\"jet-listing-grid jet-listing\"><div class=\"jet-listing-grid__items grid-col-desk-2 grid-col-tablet-2 grid-col-mobile-1 jet-listing-grid--415 jet-equal-columns__wrapper\" data-queried-id=\"279|WP_Post\" data-nav=\"{&quot;enabled&quot;:false,&quot;type&quot;:null,&quot;more_el&quot;:null,&quot;query&quot;:[],&quot;widget_settings&quot;:{&quot;lisitng_id&quot;:415,&quot;posts_num&quot;:6,&quot;columns&quot;:2,&quot;columns_tablet&quot;:2,&quot;columns_mobile&quot;:1,&quot;column_min_width&quot;:240,&quot;column_min_width_tablet&quot;:240,&quot;column_min_width_mobile&quot;:240,&quot;inline_columns_css&quot;:false,&quot;is_archive_template&quot;:&quot;&quot;,&quot;post_status&quot;:[&quot;publish&quot;],&quot;use_random_posts_num&quot;:&quot;&quot;,&quot;max_posts_num&quot;:9,&quot;not_found_message&quot;:&quot;No data was found&quot;,&quot;is_masonry&quot;:false,&quot;equal_columns_height&quot;:&quot;yes&quot;,&quot;use_load_more&quot;:&quot;&quot;,&quot;load_more_id&quot;:&quot;&quot;,&quot;load_more_type&quot;:&quot;click&quot;,&quot;load_more_offset&quot;:null,&quot;use_custom_post_types&quot;:&quot;&quot;,&quot;custom_post_types&quot;:[],&quot;hide_widget_if&quot;:&quot;&quot;,&quot;carousel_enabled&quot;:&quot;&quot;,&quot;slides_to_scroll&quot;:&quot;1&quot;,&quot;arrows&quot;:&quot;true&quot;,&quot;arrow_icon&quot;:&quot;fa fa-angle-left&quot;,&quot;dots&quot;:&quot;&quot;,&quot;autoplay&quot;:&quot;true&quot;,&quot;pause_on_hover&quot;:&quot;true&quot;,&quot;autoplay_speed&quot;:5000,&quot;infinite&quot;:&quot;true&quot;,&quot;center_mode&quot;:&quot;&quot;,&quot;effect&quot;:&quot;slide&quot;,&quot;speed&quot;:500,&quot;inject_alternative_items&quot;:&quot;&quot;,&quot;injection_items&quot;:[],&quot;scroll_slider_enabled&quot;:&quot;&quot;,&quot;scroll_slider_on&quot;:[&quot;desktop&quot;,&quot;tablet&quot;,&quot;mobile&quot;],&quot;custom_query&quot;:false,&quot;custom_query_id&quot;:&quot;&quot;,&quot;_element_id&quot;:&quot;&quot;,&quot;collapse_first_last_gap&quot;:false,&quot;list_tag_selection&quot;:&quot;&quot;,&quot;list_items_wrapper_tag&quot;:&quot;div&quot;,&quot;list_item_tag&quot;:&quot;div&quot;,&quot;empty_items_wrapper_tag&quot;:&quot;div&quot;}}\" data-page=\"1\" data-pages=\"1\" data-listing-source=\"posts\" data-listing-id=\"415\" data-query-id=\"\"><div class=\"jet-listing-grid__item jet-listing-dynamic-post-1367 jet-equal-columns\" data-post-id=\"1367\"  >\t\t<div data-elementor-type=\"jet-listing-items\" data-elementor-id=\"415\" class=\"elementor elementor-415\" data-elementor-post-type=\"jet-engine\">\n\t\t\t\t<div class=\"elementor-element elementor-element-29e28e3 e-flex e-con-boxed e-con e-parent\" data-id=\"29e28e3\" data-element_type=\"container\" data-e-type=\"container\" data-settings=\"{&quot;background_background&quot;:&quot;classic&quot;}\">\n\t\t\t\t\t<div class=\"e-con-inner\">\n\t\t<div class=\"elementor-element elementor-element-5c4798e e-flex e-con-boxed e-con e-child\" data-id=\"5c4798e\" data-element_type=\"container\" data-e-type=\"container\" data-settings=\"{&quot;background_background&quot;:&quot;classic&quot;}\">\n\t\t\t\t\t<div class=\"e-con-inner\">\n\t\t\t\t<div class=\"elementor-element elementor-element-f782256 elementor-widget elementor-widget-image\" data-id=\"f782256\" data-element_type=\"widget\" data-e-type=\"widget\" data-widget_type=\"image.default\">\n\t\t\t\t<div class=\"elementor-widget-container\">\n\t\t\t\t\t\t\t\t\t\t\t\t\t\t\t<img decoding=\"async\" width=\"768\" height=\"768\" src=\"https:\/\/www.moosfrei.ch\/fr\/wp-content\/uploads\/sites\/2\/2023\/09\/595bf4ce-760f-4f06-8f2c-85ae4837bb09-2.jpg\" class=\"attachment-large size-large wp-image-1371\" alt=\"-\" srcset=\"https:\/\/www.moosfrei.ch\/fr\/wp-content\/uploads\/sites\/2\/2023\/09\/595bf4ce-760f-4f06-8f2c-85ae4837bb09-2.jpg 768w, https:\/\/www.moosfrei.ch\/fr\/wp-content\/uploads\/sites\/2\/2023\/09\/595bf4ce-760f-4f06-8f2c-85ae4837bb09-2-300x300.jpg 300w, https:\/\/www.moosfrei.ch\/fr\/wp-content\/uploads\/sites\/2\/2023\/09\/595bf4ce-760f-4f06-8f2c-85ae4837bb09-2-150x150.jpg 150w\" sizes=\"(max-width: 768px) 100vw, 768px\">\t\t\t\t\t\t\t\t\t\t\t\t\t\t\t<\/div>\n\t\t\t\t<\/div>\n\t\t\t\t<div class=\"elementor-element elementor-element-8d1aa8d elementor-widget elementor-widget-heading\" data-id=\"8d1aa8d\" data-element_type=\"widget\" data-e-type=\"widget\" data-widget_type=\"heading.default\">\n\t\t\t\t<div class=\"elementor-widget-container\">\n\t\t\t\t\t<p class=\"elementor-heading-title elementor-size-default\">Nettoyage de fa\u00e7ade par drone<\/p>\t\t\t\t<\/div>\n\t\t\t\t<\/div>\n\t\t\t\t<div class=\"elementor-element elementor-element-8db4c48 elementor-widget elementor-widget-text-editor\" data-id=\"8db4c48\" data-element_type=\"widget\" data-e-type=\"widget\" data-widget_type=\"text-editor.default\">\n\t\t\t\t<div class=\"elementor-widget-container\">\n\t\t\t\t\t\t\t\t\tRedonnez vie \u00e0 votre fa\u00e7ade gr\u00e2ce \u00e0 la technologie de pointe des drones de Swiss Drone Services. En combinaison avec la m\u00e9thode Moosfrei, vous obtenez une solution de nettoyage efficace, douce et innovante pour votre b\u00e2timent.\t\t\t\t\t\t\t\t<\/div>\n\t\t\t\t<\/div>\n\t\t\t\t\t<\/div>\n\t\t\t\t<\/div>\n\t\t\t\t<div class=\"elementor-element elementor-element-ef8c21c elementor-align-justify elementor-widget elementor-widget-button\" data-id=\"ef8c21c\" data-element_type=\"widget\" data-e-type=\"widget\" data-widget_type=\"button.default\">\n\t\t\t\t<div class=\"elementor-widget-container\">\n\t\t\t\t\t\t\t\t\t<div class=\"elementor-button-wrapper\">\n\t\t\t\t\t<a class=\"elementor-button elementor-button-link elementor-size-md\" href=\"https:\/\/www.moosfrei.ch\/fr\/behandlungen\/fassadenreinigung-drohne\/\">\n\t\t\t\t\t\t<span class=\"elementor-button-content-wrapper\">\n\t\t\t\t\t\t\t\t\t<span class=\"elementor-button-text\">Voir le traitement<\/span>\n\t\t\t\t\t<\/span>\n\t\t\t\t\t<\/a>\n\t\t\t\t<\/div>\n\t\t\t\t\t\t\t\t<\/div>\n\t\t\t\t<\/div>\n\t\t\t\t\t<\/div>\n\t\t\t\t<\/div>\n\t\t\t\t<\/div>\n\t\t<\/div><div class=\"jet-listing-grid__item jet-listing-dynamic-post-408 jet-equal-columns\" data-post-id=\"408\"  >\t\t<div data-elementor-type=\"jet-listing-items\" data-elementor-id=\"415\" class=\"elementor elementor-415\" data-elementor-post-type=\"jet-engine\">\n\t\t\t\t<div class=\"elementor-element elementor-element-29e28e3 e-flex e-con-boxed e-con e-parent\" data-id=\"29e28e3\" data-element_type=\"container\" data-e-type=\"container\" data-settings=\"{&quot;background_background&quot;:&quot;classic&quot;}\">\n\t\t\t\t\t<div class=\"e-con-inner\">\n\t\t<div class=\"elementor-element elementor-element-5c4798e e-flex e-con-boxed e-con e-child\" data-id=\"5c4798e\" data-element_type=\"container\" data-e-type=\"container\" data-settings=\"{&quot;background_background&quot;:&quot;classic&quot;}\">\n\t\t\t\t\t<div class=\"e-con-inner\">\n\t\t\t\t<div class=\"elementor-element elementor-element-f782256 elementor-widget elementor-widget-image\" data-id=\"f782256\" data-element_type=\"widget\" data-e-type=\"widget\" data-widget_type=\"image.default\">\n\t\t\t\t<div class=\"elementor-widget-container\">\n\t\t\t\t\t\t\t\t\t\t\t\t\t\t\t<img fetchpriority=\"high\" decoding=\"async\" width=\"800\" height=\"533\" src=\"https:\/\/www.moosfrei.ch\/fr\/wp-content\/uploads\/sites\/2\/2023\/04\/fassadenreinigung-schweiz-1024x682.jpeg\" class=\"attachment-large size-large wp-image-232\" alt=\"-\" srcset=\"https:\/\/www.moosfrei.ch\/fr\/wp-content\/uploads\/sites\/2\/2023\/04\/fassadenreinigung-schweiz-1024x682.jpeg 1024w, https:\/\/www.moosfrei.ch\/fr\/wp-content\/uploads\/sites\/2\/2023\/04\/fassadenreinigung-schweiz-300x200.jpeg 300w, https:\/\/www.moosfrei.ch\/fr\/wp-content\/uploads\/sites\/2\/2023\/04\/fassadenreinigung-schweiz-768x512.jpeg 768w, https:\/\/www.moosfrei.ch\/fr\/wp-content\/uploads\/sites\/2\/2023\/04\/fassadenreinigung-schweiz.jpeg 1400w\" sizes=\"(max-width: 800px) 100vw, 800px\">\t\t\t\t\t\t\t\t\t\t\t\t\t\t\t<\/div>\n\t\t\t\t<\/div>\n\t\t\t\t<div class=\"elementor-element elementor-element-8d1aa8d elementor-widget elementor-widget-heading\" data-id=\"8d1aa8d\" data-element_type=\"widget\" data-e-type=\"widget\" data-widget_type=\"heading.default\">\n\t\t\t\t<div class=\"elementor-widget-container\">\n\t\t\t\t\t<p class=\"elementor-heading-title elementor-size-default\">Nettoyage des fa\u00e7ades<\/p>\t\t\t\t<\/div>\n\t\t\t\t<\/div>\n\t\t\t\t<div class=\"elementor-element elementor-element-8db4c48 elementor-widget elementor-widget-text-editor\" data-id=\"8db4c48\" data-element_type=\"widget\" data-e-type=\"widget\" data-widget_type=\"text-editor.default\">\n\t\t\t\t<div class=\"elementor-widget-container\">\n\t\t\t\t\t\t\t\t\tLe nettoyage des fa\u00e7ades transforme le vieux en neuf. Au fil du temps, des algues, du lichen ou de la mousse prolif\u00e8rent sur les fa\u00e7ades. Non seulement, c\u2019est inesth\u00e9tique, mais, \u00e0 la longue, c\u2019est \u00e9galement nocif pour votre fa\u00e7ade. D\u00e9couvrez Moosfrei et son approche diff\u00e9rente du nettoyage des fa\u00e7ades.\t\t\t\t\t\t\t\t<\/div>\n\t\t\t\t<\/div>\n\t\t\t\t\t<\/div>\n\t\t\t\t<\/div>\n\t\t\t\t<div class=\"elementor-element elementor-element-ef8c21c elementor-align-justify elementor-widget elementor-widget-button\" data-id=\"ef8c21c\" data-element_type=\"widget\" data-e-type=\"widget\" data-widget_type=\"button.default\">\n\t\t\t\t<div class=\"elementor-widget-container\">\n\t\t\t\t\t\t\t\t\t<div class=\"elementor-button-wrapper\">\n\t\t\t\t\t<a class=\"elementor-button elementor-button-link elementor-size-md\" href=\"https:\/\/www.moosfrei.ch\/fr\/behandlungen\/nettoyage-des-facades\/\">\n\t\t\t\t\t\t<span class=\"elementor-button-content-wrapper\">\n\t\t\t\t\t\t\t\t\t<span class=\"elementor-button-text\">Voir le traitement<\/span>\n\t\t\t\t\t<\/span>\n\t\t\t\t\t<\/a>\n\t\t\t\t<\/div>\n\t\t\t\t\t\t\t\t<\/div>\n\t\t\t\t<\/div>\n\t\t\t\t\t<\/div>\n\t\t\t\t<\/div>\n\t\t\t\t<\/div>\n\t\t<\/div><div class=\"jet-listing-grid__item jet-listing-dynamic-post-406 jet-equal-columns\" data-post-id=\"406\"  >\t\t<div data-elementor-type=\"jet-listing-items\" data-elementor-id=\"415\" class=\"elementor elementor-415\" data-elementor-post-type=\"jet-engine\">\n\t\t\t\t<div class=\"elementor-element elementor-element-29e28e3 e-flex e-con-boxed e-con e-parent\" data-id=\"29e28e3\" data-element_type=\"container\" data-e-type=\"container\" data-settings=\"{&quot;background_background&quot;:&quot;classic&quot;}\">\n\t\t\t\t\t<div class=\"e-con-inner\">\n\t\t<div class=\"elementor-element elementor-element-5c4798e e-flex e-con-boxed e-con e-child\" data-id=\"5c4798e\" data-element_type=\"container\" data-e-type=\"container\" data-settings=\"{&quot;background_background&quot;:&quot;classic&quot;}\">\n\t\t\t\t\t<div class=\"e-con-inner\">\n\t\t\t\t<div class=\"elementor-element elementor-element-f782256 elementor-widget elementor-widget-image\" data-id=\"f782256\" data-element_type=\"widget\" data-e-type=\"widget\" data-widget_type=\"image.default\">\n\t\t\t\t<div class=\"elementor-widget-container\">\n\t\t\t\t\t\t\t\t\t\t\t\t\t\t\t<img fetchpriority=\"high\" decoding=\"async\" width=\"800\" height=\"533\" src=\"https:\/\/www.moosfrei.ch\/fr\/wp-content\/uploads\/sites\/2\/2023\/04\/fassadenreinigung-schweiz-1024x682.jpeg\" class=\"attachment-large size-large wp-image-232\" alt=\"-\" srcset=\"https:\/\/www.moosfrei.ch\/fr\/wp-content\/uploads\/sites\/2\/2023\/04\/fassadenreinigung-schweiz-1024x682.jpeg 1024w, https:\/\/www.moosfrei.ch\/fr\/wp-content\/uploads\/sites\/2\/2023\/04\/fassadenreinigung-schweiz-300x200.jpeg 300w, https:\/\/www.moosfrei.ch\/fr\/wp-content\/uploads\/sites\/2\/2023\/04\/fassadenreinigung-schweiz-768x512.jpeg 768w, https:\/\/www.moosfrei.ch\/fr\/wp-content\/uploads\/sites\/2\/2023\/04\/fassadenreinigung-schweiz.jpeg 1400w\" sizes=\"(max-width: 800px) 100vw, 800px\">\t\t\t\t\t\t\t\t\t\t\t\t\t\t\t<\/div>\n\t\t\t\t<\/div>\n\t\t\t\t<div class=\"elementor-element elementor-element-8d1aa8d elementor-widget elementor-widget-heading\" data-id=\"8d1aa8d\" data-element_type=\"widget\" data-e-type=\"widget\" data-widget_type=\"heading.default\">\n\t\t\t\t<div class=\"elementor-widget-container\">\n\t\t\t\t\t<p class=\"elementor-heading-title elementor-size-default\">\u00c9liminer les algues<\/p>\t\t\t\t<\/div>\n\t\t\t\t<\/div>\n\t\t\t\t<div class=\"elementor-element elementor-element-8db4c48 elementor-widget elementor-widget-text-editor\" data-id=\"8db4c48\" data-element_type=\"widget\" data-e-type=\"widget\" data-widget_type=\"text-editor.default\">\n\t\t\t\t<div class=\"elementor-widget-container\">\n\t\t\t\t\t\t\t\t\tL\u2019exp\u00e9rience nous a montr\u00e9 que plus de 90% de toutes les salissures sur les fa\u00e7ades et les murs sont dues \u00e0 des algues.\r\n\t\t\t\t\t\t\t\t<\/div>\n\t\t\t\t<\/div>\n\t\t\t\t\t<\/div>\n\t\t\t\t<\/div>\n\t\t\t\t<div class=\"elementor-element elementor-element-ef8c21c elementor-align-justify elementor-widget elementor-widget-button\" data-id=\"ef8c21c\" data-element_type=\"widget\" data-e-type=\"widget\" data-widget_type=\"button.default\">\n\t\t\t\t<div class=\"elementor-widget-container\">\n\t\t\t\t\t\t\t\t\t<div class=\"elementor-button-wrapper\">\n\t\t\t\t\t<a class=\"elementor-button elementor-button-link elementor-size-md\" href=\"https:\/\/www.moosfrei.ch\/fr\/behandlungen\/remove-lichens-and-algae\/\">\n\t\t\t\t\t\t<span class=\"elementor-button-content-wrapper\">\n\t\t\t\t\t\t\t\t\t<span class=\"elementor-button-text\">Voir le traitement<\/span>\n\t\t\t\t\t<\/span>\n\t\t\t\t\t<\/a>\n\t\t\t\t<\/div>\n\t\t\t\t\t\t\t\t<\/div>\n\t\t\t\t<\/div>\n\t\t\t\t\t<\/div>\n\t\t\t\t<\/div>\n\t\t\t\t<\/div>\n\t\t<\/div><\/div><\/div>\t\t\t\t<\/div>\n\t\t\t\t<\/div>\n\t\t\t\t\t<\/div>\n\t\t\t\t<\/div>\n\t\t<div class=\"elementor-element elementor-element-d043a45 e-flex e-con-boxed e-con e-parent\" data-id=\"d043a45\" data-element_type=\"container\" data-e-type=\"container\" data-settings=\"{&quot;background_background&quot;:&quot;classic&quot;}\">\n\t\t\t\t\t<div class=\"e-con-inner\">\n\t\t<div class=\"elementor-element elementor-element-c45369d e-flex e-con-boxed e-con e-child\" data-id=\"c45369d\" data-element_type=\"container\" data-e-type=\"container\">\n\t\t\t\t\t<div class=\"e-con-inner\">\n\t\t\t\t<div class=\"elementor-element elementor-element-234f0c6 elementor-widget elementor-widget-heading\" data-id=\"234f0c6\" data-element_type=\"widget\" data-e-type=\"widget\" data-widget_type=\"heading.default\">\n\t\t\t\t<div class=\"elementor-widget-container\">\n\t\t\t\t\t<p class=\"elementor-heading-title elementor-size-default\">La garantie Moosfrei<\/p>\t\t\t\t<\/div>\n\t\t\t\t<\/div>\n\t\t\t\t<div class=\"elementor-element elementor-element-5bb59f7 elementor-widget elementor-widget-heading\" data-id=\"5bb59f7\" data-element_type=\"widget\" data-e-type=\"widget\" data-widget_type=\"heading.default\">\n\t\t\t\t<div class=\"elementor-widget-container\">\n\t\t\t\t\t<p class=\"elementor-heading-title elementor-size-default\">Si, apr\u00e8s 24 mois, vous voyez encore des restes de mousse, d\u2019algues et de lichen, nous viendrons y rem\u00e9dier gratuitement.\r\n\r\n<\/p>\t\t\t\t<\/div>\n\t\t\t\t<\/div>\n\t\t\t\t\t<\/div>\n\t\t\t\t<\/div>\n\t\t<div class=\"elementor-element elementor-element-f153c11 e-flex e-con-boxed e-con e-child\" data-id=\"f153c11\" data-element_type=\"container\" data-e-type=\"container\">\n\t\t\t\t\t<div class=\"e-con-inner\">\n\t\t\t\t<div class=\"elementor-element elementor-element-16161d7 elementor-align-center elementor-widget elementor-widget-button\" data-id=\"16161d7\" data-element_type=\"widget\" data-e-type=\"widget\" data-widget_type=\"button.default\">\n\t\t\t\t<div class=\"elementor-widget-container\">\n\t\t\t\t\t\t\t\t\t<div class=\"elementor-button-wrapper\">\n\t\t\t\t\t<a class=\"elementor-button elementor-button-link elementor-size-xl\" href=\"#contact\">\n\t\t\t\t\t\t<span class=\"elementor-button-content-wrapper\">\n\t\t\t\t\t\t\t\t\t<span class=\"elementor-button-text\">Request a quote now<\/span>\n\t\t\t\t\t<\/span>\n\t\t\t\t\t<\/a>\n\t\t\t\t<\/div>\n\t\t\t\t\t\t\t\t<\/div>\n\t\t\t\t<\/div>\n\t\t\t\t\t<\/div>\n\t\t\t\t<\/div>\n\t\t\t\t\t<\/div>\n\t\t\t\t<\/div>\n\t\t<div class=\"elementor-element elementor-element-527f0bb e-flex e-con-boxed e-con e-parent\" data-id=\"527f0bb\" data-element_type=\"container\" data-e-type=\"container\">\n\t\t\t\t\t<div class=\"e-con-inner\">\n\t\t<div class=\"elementor-element elementor-element-b9c7919 e-con-full e-flex e-con e-child\" data-id=\"b9c7919\" data-element_type=\"container\" data-e-type=\"container\">\n\t\t<div class=\"elementor-element elementor-element-d8ad8e6 e-con-full e-flex e-con e-child\" data-id=\"d8ad8e6\" data-element_type=\"container\" data-e-type=\"container\" data-settings=\"{&quot;animation&quot;:&quot;none&quot;}\">\n\t\t<div class=\"elementor-element elementor-element-a2b66d8 e-con-full e-flex e-con e-child\" data-id=\"a2b66d8\" data-element_type=\"container\" data-e-type=\"container\">\n\t\t\t\t<div class=\"elementor-element elementor-element-fb72c10 elementor-widget elementor-widget-heading\" data-id=\"fb72c10\" data-element_type=\"widget\" data-e-type=\"widget\" data-widget_type=\"heading.default\">\n\t\t\t\t<div class=\"elementor-widget-container\">\n\t\t\t\t\t<h2 class=\"elementor-heading-title elementor-size-default\">Pourquoi ne pas choisir un nettoyage m\u00e9canique de la fa\u00e7ade?<\/h2>\t\t\t\t<\/div>\n\t\t\t\t<\/div>\n\t\t\t\t<div class=\"elementor-element elementor-element-c2a9533 elementor-widget elementor-widget-text-editor\" data-id=\"c2a9533\" data-element_type=\"widget\" data-e-type=\"widget\" data-widget_type=\"text-editor.default\">\n\t\t\t\t<div class=\"elementor-widget-container\">\n\t\t\t\t\t\t\t\t\t<p>Nettoyer m\u00e9caniquement des panneaux de fibre Eternit, nettoyer m\u00e9caniquement des fa\u00e7ades ou d\u2019autres surfaces \u2013 pourquoi est-ce une mauvaise id\u00e9e? De nombreux propri\u00e9taires immobiliers nous posent exactement cette question. Apr\u00e8s tout, le nettoyage avec des nettoyeurs \u00e0 haute pression ou des brosses promet des r\u00e9sultats rapides.<\/p>\n<p>Oui, c\u2019est vrai. Mais l\u2019action m\u00e9canique traditionnelle n\u2019\u00e9limine pas que la mousse, les algues ou le lichen, mais \u00e9galement des particules microscopiques de la fa\u00e7ade. \u00c0 peine reconnaissables \u00e0 l\u2019\u0153il nu, ces d\u00e9g\u00e2ts subis par la fa\u00e7ade sont une porte d\u2019entr\u00e9e pour l\u2019humidit\u00e9. De plus, la fa\u00e7ade qui a \u00e9t\u00e9 trait\u00e9e de cette mani\u00e8re offrira \u00e0 l\u2019avenir \u00e0 la mousse, aux algues et au lichen une meilleure tenue et un terrain de reproduction pratiquement id\u00e9al.<\/p>\n<p>Conclusion sur le nettoyage m\u00e9canique des fa\u00e7ades<\/p>\n<p>Apr\u00e8s peu de temps d\u00e9j\u00e0, la mousse, les algues et le lichen reviennent.<\/p>\n\t\t\t\t\t\t\t\t<\/div>\n\t\t\t\t<\/div>\n\t\t\t\t<\/div>\n\t\t<div class=\"elementor-element elementor-element-0604d27 e-con-full e-flex e-con e-child\" data-id=\"0604d27\" data-element_type=\"container\" data-e-type=\"container\">\n\t\t\t\t<div class=\"elementor-element elementor-element-5213b12 elementor-widget elementor-widget-heading\" data-id=\"5213b12\" data-element_type=\"widget\" data-e-type=\"widget\" data-widget_type=\"heading.default\">\n\t\t\t\t<div class=\"elementor-widget-container\">\n\t\t\t\t\t<h2 class=\"elementor-heading-title elementor-size-default\">Quelle est la diff\u00e9rence par rapport \u00e0 Moosfrei?<\/h2>\t\t\t\t<\/div>\n\t\t\t\t<\/div>\n\t\t\t\t<div class=\"elementor-element elementor-element-0ea2e2b elementor-widget elementor-widget-text-editor\" data-id=\"0ea2e2b\" data-element_type=\"widget\" data-e-type=\"widget\" data-widget_type=\"text-editor.default\">\n\t\t\t\t<div class=\"elementor-widget-container\">\n\t\t\t\t\t\t\t\t\t<p>Nous, chez Moosfrei, nous sommes convaincus qu\u2019un traitement doux est plus durable et meilleur \u00e0 long terme. Nous renon\u00e7ons d\u00e9lib\u00e9r\u00e9ment \u00e0 l\u2019utilisation de chlore et d\u2019eau de Javel. M\u00eame s\u2019ils sont dilu\u00e9s, ces d\u00e9tergents peuvent causer des effets secondaires ind\u00e9sirables tels que l\u2019oxydation, un effet corrosif ou une d\u00e9coloration de la surface.<\/p>\n<p>Moosfrei a un effet doux et durable, car Moosfrei mise sur une m\u00e9thode de traitement qui n\u2019agit que sur les substances organiques, inhibant ainsi le processus de croissance.<\/p>\n<p>Conclusion sur le traitement des fa\u00e7ades avec Moosfrei<\/p>\n<p>Chez Moosfrei, nous traitons les surfaces en douceur et garantissons un r\u00e9sultat propre \u00e0 long terme sans agir m\u00e9caniquement sur la surface du support. Un proc\u00e9d\u00e9 durable avec des r\u00e9sultats convaincants.<\/p>\n\t\t\t\t\t\t\t\t<\/div>\n\t\t\t\t<\/div>\n\t\t\t\t<\/div>\n\t\t\t\t<\/div>\n\t\t\t\t<\/div>\n\t\t\t\t\t<\/div>\n\t\t\t\t<\/div>\n\t\t\t\t<\/div>\n\t\t","protected":false},"excerpt":{"rendered":"<p>Comment pouvons-nous vous aider ? Nos traitements anti-mousse View treatment View treatment Request a quote now<\/p>\n","protected":false},"author":1,"featured_media":0,"parent":0,"menu_order":0,"comment_status":"closed","ping_status":"closed","template":"","meta":[],"class_list":["post-279","page","type-page","status-publish","hentry"],"_links":{"self":[{"href":"https:\/\/www.moosfrei.ch\/fr\/wp-json\/wp\/v2\/pages\/279","targetHints":{"allow":["GET"]}}],"collection":[{"href":"https:\/\/www.moosfrei.ch\/fr\/wp-json\/wp\/v2\/pages"}],"about":[{"href":"https:\/\/www.moosfrei.ch\/fr\/wp-json\/wp\/v2\/types\/page"}],"author":[{"embeddable":true,"href":"https:\/\/www.moosfrei.ch\/fr\/wp-json\/wp\/v2\/users\/1"}],"replies":[{"embeddable":true,"href":"https:\/\/www.moosfrei.ch\/fr\/wp-json\/wp\/v2\/comments?post=279"}],"version-history":[{"count":10,"href":"https:\/\/www.moosfrei.ch\/fr\/wp-json\/wp\/v2\/pages\/279\/revisions"}],"predecessor-version":[{"id":1339,"href":"https:\/\/www.moosfrei.ch\/fr\/wp-json\/wp\/v2\/pages\/279\/revisions\/1339"}],"wp:attachment":[{"href":"https:\/\/www.moosfrei.ch\/fr\/wp-json\/wp\/v2\/media?parent=279"}],"curies":[{"name":"wp","href":"https:\/\/api.w.org\/{rel}","templated":true}]}}