{"id":129,"date":"2023-04-04T14:12:22","date_gmt":"2023-04-04T12:12:22","guid":{"rendered":"https:\/\/www.moosfrei.ch\/fr\/?page_id=129"},"modified":"2023-05-10T08:21:20","modified_gmt":"2023-05-10T06:21:20","slug":"informations-utiles","status":"publish","type":"page","link":"https:\/\/www.moosfrei.ch\/fr\/informations-utiles\/","title":{"rendered":"Informations Utiles"},"content":{"rendered":"\t\t<div data-elementor-type=\"wp-page\" data-elementor-id=\"129\" class=\"elementor elementor-129\" data-elementor-post-type=\"page\">\n\t\t\t\t<div class=\"elementor-element elementor-element-abe2949 e-flex e-con-boxed e-con e-parent\" data-id=\"abe2949\" data-element_type=\"container\" data-e-type=\"container\">\n\t\t\t\t\t<div class=\"e-con-inner\">\n\t\t\t\t<div class=\"elementor-element elementor-element-745d488 elementor-widget elementor-widget-jet-accordion\" data-id=\"745d488\" data-element_type=\"widget\" data-e-type=\"widget\" data-widget_type=\"jet-accordion.default\">\n\t\t\t\t<div class=\"elementor-widget-container\">\n\t\t\t\t\t\t\t\t\t<div class=\"jet-accordion\" data-settings=\"{&quot;collapsible&quot;:false,&quot;ajaxTemplate&quot;:false,&quot;switchScrolling&quot;:false,&quot;switchScrollingTablet&quot;:false,&quot;switchScrollingMobile&quot;:false,&quot;switchScrollingOffset&quot;:{&quot;size&quot;:0,&quot;unit&quot;:&quot;px&quot;},&quot;switchScrollingOffsetTablet&quot;:{&quot;size&quot;:0,&quot;unit&quot;:&quot;px&quot;},&quot;switchScrollingOffsetMobile&quot;:{&quot;size&quot;:0,&quot;unit&quot;:&quot;px&quot;},&quot;switchScrollingDelay&quot;:500,&quot;switchScrollingDelayTablet&quot;:500,&quot;switchScrollingDelayMobile&quot;:500}\">\n\t\t\t<div class=\"jet-accordion__inner\">\n\t\t\t\t<div class=\" jet-accordion__item jet-toggle jet-toggle-move-up-effect \">\n\t\t\t\t\t\t\t<div id=\"jet-toggle-control-1221\" class=\"jet-toggle__control elementor-menu-anchor\" data-toggle=\"1\" role=\"button\" tabindex=\"0\" aria-controls=\"jet-toggle-content-1221\" aria-expanded=\"false\" data-template-id=\"false\">\n\t\t\t\t\t\t\t\t<div class=\"jet-toggle__label-text\">Quelles sont les raisons principales de l\u2019infestation par la mousse et les algues?<\/div>\t\t\t\t\t\t\t<\/div>\n\t\t\t\t\t\t\t<div id=\"jet-toggle-content-1221\" class=\"jet-toggle__content\" data-toggle=\"1\" role=\"region\" data-template-id=\"false\">\n\t\t\t\t\t\t\t\t<div class=\"jet-toggle__content-inner\"><p>TYPE DE SUPPORT<\/p>\n<p>M\u00eame le choix du cr\u00e9pi joue un r\u00f4le important. Ce que l\u2019on appelle des impr\u00e9gnations ou l\u2019effet lotus ne tiennent malheureusement pas ce qu\u2019ils promettent \u2013 tout au moins quand il s\u2019agit de la prolif\u00e9ration des algues. Les gouttes de ros\u00e9e sont beaucoup plus petites que les gouttes de pluie, c\u2019est pourquoi elles ne s\u2019\u00e9coulent pas toutes seules. Mais comme l\u2019impr\u00e9gnation emp\u00eache l\u2019enduit de les absorber, les gouttes de ros\u00e9e restent sur la fa\u00e7ade jusqu\u2019\u00e0 ce que celle-ci soit compl\u00e8tement s\u00e8che \u2013 si bien que, dans ce cas, la fa\u00e7ade reste aussi plus longtemps humide. Si l\u2019on choisit un cr\u00e9pi traditionnel, la ros\u00e9e est absorb\u00e9e et r\u00e9partie sur une plus grande surface.<\/p>\n<p>MAUVAISE VENTILATION<\/p>\n<p>Les d\u00e9colorations noires que l\u2019on voit souvent au-dessus de certaines fen\u00eatres sont un signe de mauvaise ventilation. Ces d\u00e9colorations viennent d\u2019une forte prolif\u00e9ration d\u2019algues. Une mauvaise mani\u00e8re de ventiler (ventilation par inclinaison continue) permet constamment \u00e0 l\u2019air chaud et humide de s\u2019\u00e9chapper vers l\u2019ext\u00e9rieur o\u00f9 il monte le long de la fa\u00e7ade. Surtout pendant les saisons froides, il se forme donc beaucoup d\u2019eau de condensation directement au-dessus de ces fen\u00eatres \u2013 et des algues prolif\u00e8rent l\u00e0 o\u00f9 le support est humide.<\/p>\n<p>FORMATION D\u2019EAU DE CONDENSATION<\/p>\n<p>L\u2019isolation thermique est la raison principale de la formation pr\u00e9coce de mousse et d\u2019algues sur les fa\u00e7ades de nos maisons. Le cr\u00e9pi est tellement \u00e9loign\u00e9 de la ma\u00e7onnerie par l\u2019isolation qu\u2019il ne b\u00e9n\u00e9ficie d\u2019aucune chaleur \u00e9mise \u00e0 l\u2019int\u00e9rieur de la maison. En raison de la faible capacit\u00e9 de stockage de la chaleur, l\u2019enveloppe ext\u00e9rieure se refroidit rapidement pendant la nuit et de la condensation se forme sur la fa\u00e7ade. Cet effet peut \u00eatre compar\u00e9 \u00e0 ce que l\u2019on peut observer sur une canette de boisson froide en \u00e9t\u00e9.<\/p>\n<p>SITUATION DE L\u2019IMMEUBLE<\/p>\n<p>Dans des environnements campagnards, les fa\u00e7ades sont plus fortement touch\u00e9es que celles d\u2019immeubles urbains. Les espaces verts, les bois ou les arbres et buissons isol\u00e9s situ\u00e9s dans le voisinage favorisent la prolif\u00e9ration des algues. De m\u00eame, les rivi\u00e8res, lacs ou \u00e9tangs et biotopes situ\u00e9s \u00e0 proximit\u00e9 renforcent l\u2019infestation microbienne.<\/p>\n<p>ORIENTATION G\u00c9OGRAPHIQUE DU B\u00c2TIMENT<\/p>\n<p>Le c\u00f4t\u00e9 de la maison qui est souvent particuli\u00e8rement touch\u00e9 est la fa\u00e7ade expos\u00e9e aux intemp\u00e9ries, car le soleil ne brille pratiquement pas de ce c\u00f4t\u00e9.<\/p>\n<p>PROJECTIONS D\u2019EAU<\/p>\n<p>Il est \u00e9galement recommand\u00e9 d\u2019\u00e9viter de placer des objets directement le long des fa\u00e7ades (pots de fleurs, poubelles\u2026).<\/p>\n<p>REBORDS DE FEN\u00caTRE<\/p>\n<p>Des rebords de fen\u00eatre trop courts ne permettent pas d\u2019\u00e9vacuer correctement l\u2019eau de pluie qui les frappe, si bien qu\u2019elle s\u2019\u00e9coule le long de la fa\u00e7ade. Souvent, des \u00abcoulures\u00bb se forment sous les rebords de fen\u00eatre.<\/p>\n<p>POLLUANTS ATMOSPH\u00c9RIQUES<\/p>\n<p>Ces derni\u00e8res ann\u00e9es, l\u2019air est devenu plus propre. Cela favorise la pr\u00e9sence de spores d\u2019algues qui sont port\u00e9es par le vent et atteignent la fa\u00e7ade sans retenue.<\/p>\n<p>D\u00c9FAUTS CONSTRUCTIFS<\/p>\n<p>Un d\u00e9bordement de toit inexistant ou trop court est un \u00e9l\u00e9ment qui contribue \u00e0 l\u2019infestation \u00e9tant donn\u00e9 que beaucoup d\u2019eau de pluie suppl\u00e9mentaire vient frapper la fa\u00e7ade.<\/p>\n<p>TEMP\u00c9RATURE ANNUELLE MOYENNE<\/p>\n<p>Elle a \u00e9galement augment\u00e9 de mani\u00e8re continue ces derni\u00e8res ann\u00e9es. Les algues prolif\u00e8rent dans des milieux chauds et humides.<\/p>\n<\/div>\n\t\t\t\t\t\t\t<\/div>\n\t\t\t\t\t\t<\/div><div class=\" jet-accordion__item jet-toggle jet-toggle-move-up-effect \">\n\t\t\t\t\t\t\t<div id=\"jet-toggle-control-1222\" class=\"jet-toggle__control elementor-menu-anchor\" data-toggle=\"2\" role=\"button\" tabindex=\"0\" aria-controls=\"jet-toggle-content-1222\" aria-expanded=\"false\" data-template-id=\"false\">\n\t\t\t\t\t\t\t\t<div class=\"jet-toggle__label-text\">Quels types d\u2019algues existe-t-il?<\/div>\t\t\t\t\t\t\t<\/div>\n\t\t\t\t\t\t\t<div id=\"jet-toggle-content-1222\" class=\"jet-toggle__content\" data-toggle=\"2\" role=\"region\" data-template-id=\"false\">\n\t\t\t\t\t\t\t\t<div class=\"jet-toggle__content-inner\"><p>ALGUES VERTES<\/p>\n<p>Ce type d\u2019algue se forme souvent \u00e0 proximit\u00e9 de for\u00eats, d\u2019arbres et de buissons.<\/p>\n<p>ALGUE NOIRE<\/p>\n<p>Ce type d\u2019algue est souvent confondu avec des \u00abprojections issues de la circulation\u00bb ou de la \u00absalet\u00e9\u00bb. Si votre fa\u00e7ade pr\u00e9sente une grande surface d\u00e9color\u00e9e et n\u2019est pas situ\u00e9e directement \u00e0 proximit\u00e9 d\u2019une autoroute ou d\u2019une route fortement fr\u00e9quent\u00e9e, il est tr\u00e8s probable qu\u2019il s\u2019agisse d\u2019une infestation par des algues noires.<\/p>\n<p>ALGUES ROUGES<\/p>\n<p>Elles contiennent le colorant carot\u00e8ne (du latin Carota: \u00abcarotte\u00bb), c\u2019est pourquoi elles pr\u00e9sentent cette coloration rouge\u00e2tre. Ce type d\u2019algues a un aspect tr\u00e8s particulier. Le plus souvent, elles se pr\u00e9sentent sous forme de rayures rouges verticales et ne s\u2019attaquent qu\u2019\u00e0 certains types de cr\u00e9pi.<\/p>\n<\/div>\n\t\t\t\t\t\t\t<\/div>\n\t\t\t\t\t\t<\/div><div class=\" jet-accordion__item jet-toggle jet-toggle-move-up-effect \">\n\t\t\t\t\t\t\t<div id=\"jet-toggle-control-1223\" class=\"jet-toggle__control elementor-menu-anchor\" data-toggle=\"3\" role=\"button\" tabindex=\"0\" aria-controls=\"jet-toggle-content-1223\" aria-expanded=\"false\" data-template-id=\"false\">\n\t\t\t\t\t\t\t\t<div class=\"jet-toggle__label-text\"> Pourquoi Moosfrei est-il un traitement et pas un nettoyage?<\/div>\t\t\t\t\t\t\t<\/div>\n\t\t\t\t\t\t\t<div id=\"jet-toggle-content-1223\" class=\"jet-toggle__content\" data-toggle=\"3\" role=\"region\" data-template-id=\"false\">\n\t\t\t\t\t\t\t\t<div class=\"jet-toggle__content-inner\"><p>Nous parlons d\u2019une substance active contenue dans Moosfrei que nous appliquons uniquement sur les endroits infest\u00e9s qui se nettoient par eux-m\u00eames, il ne s\u2019agit donc pas d\u2019un nettoyage dans le sens classique, mais d\u2019un traitement avec effet \u00e0 long terme.<\/p>\n<\/div>\n\t\t\t\t\t\t\t<\/div>\n\t\t\t\t\t\t<\/div><div class=\" jet-accordion__item jet-toggle jet-toggle-move-up-effect \">\n\t\t\t\t\t\t\t<div id=\"jet-toggle-control-1224\" class=\"jet-toggle__control elementor-menu-anchor\" data-toggle=\"4\" role=\"button\" tabindex=\"0\" aria-controls=\"jet-toggle-content-1224\" aria-expanded=\"false\" data-template-id=\"false\">\n\t\t\t\t\t\t\t\t<div class=\"jet-toggle__label-text\">Puis-je appliquer moi-m\u00eame le traitement avec Moosfrei?<\/div>\t\t\t\t\t\t\t<\/div>\n\t\t\t\t\t\t\t<div id=\"jet-toggle-content-1224\" class=\"jet-toggle__content\" data-toggle=\"4\" role=\"region\" data-template-id=\"false\">\n\t\t\t\t\t\t\t\t<div class=\"jet-toggle__content-inner\"><p>Nous vous d\u00e9conseillons d\u2019essayer \u00e9liminer vous-m\u00eame les algues. Si la surface n\u2019a pas \u00e9t\u00e9 pr\u00e9trait\u00e9e de mani\u00e8re appropri\u00e9e, une infestation par des algues ne peut \u00eatre \u00e9limin\u00e9e qu\u2019avec de l\u2019eau \u00e0 tr\u00e8s haute pression. Ce traitement \u00e9rode le cr\u00e9pi et le rend plus rugueux. De plus, on ne tue pas l\u2019infestation en profondeur. La cons\u00e9quence est que, par la suite, les algues et les champignons prolif\u00e8rent encore plus vite et qu\u2019ils sont de nouveau visibles au bout de quelques mois. De plus, le plus souvent, les r\u00e9sultats obtenus ne sont pas satisfaisants \u00e9tant donn\u00e9 que le traitement avec un \u00abK\u00e4rcher\u00bb laissera des traces nettes sur le support. Il n\u2019est pas possible d\u2019acheter les substances actives contenues dans notre produit Moosfrei et de les appliquer soi-m\u00eame.<\/p>\n<\/div>\n\t\t\t\t\t\t\t<\/div>\n\t\t\t\t\t\t<\/div><div class=\" jet-accordion__item jet-toggle jet-toggle-move-up-effect \">\n\t\t\t\t\t\t\t<div id=\"jet-toggle-control-1225\" class=\"jet-toggle__control elementor-menu-anchor\" data-toggle=\"5\" role=\"button\" tabindex=\"0\" aria-controls=\"jet-toggle-content-1225\" aria-expanded=\"false\" data-template-id=\"false\">\n\t\t\t\t\t\t\t\t<div class=\"jet-toggle__label-text\">Une nouvelle couche de peinture n\u2019est-elle pas la meilleure solution?<\/div>\t\t\t\t\t\t\t<\/div>\n\t\t\t\t\t\t\t<div id=\"jet-toggle-content-1225\" class=\"jet-toggle__content\" data-toggle=\"5\" role=\"region\" data-template-id=\"false\">\n\t\t\t\t\t\t\t\t<div class=\"jet-toggle__content-inner\"><p>Vous pouvez bien s\u00fbr faire repeindre la fa\u00e7ade. Mais gr\u00e2ce \u00e0 notre proc\u00e9d\u00e9, il est pour la premi\u00e8re fois possible d&rsquo;\u00e9liminer compl\u00e8tement les lichens et les algues sans avoir \u00e0 repeindre, ce qui est co\u00fbteux et compliqu\u00e9. Gr\u00e2ce \u00e0 notre traitement, les lichens, les algues et les lichens sont d\u00e9truits en profondeur et \u00e0 100 % et sont d\u00e9tach\u00e9s du support. L&rsquo;enduit n&rsquo;est ni rendu rugueux ni rinc\u00e9. Gr\u00e2ce \u00e0 l&rsquo;action en profondeur, la surface trait\u00e9e est prot\u00e9g\u00e9e contre les lichens noirs pendant 6 \u00e0 10 ans et contre les algues vertes pendant 2 \u00e0 5 ans, et ce dans les meilleures conditions possibles. Comme nous n&rsquo;avons pas besoin d&rsquo;\u00e9chafaudage, cette m\u00e9thode est extr\u00eamement avantageuse. On \u00e9conomise environ 80% des co\u00fbts par rapport \u00e0 une nouvelle peinture.<\/p>\n<\/div>\n\t\t\t\t\t\t\t<\/div>\n\t\t\t\t\t\t<\/div><div class=\" jet-accordion__item jet-toggle jet-toggle-move-up-effect \">\n\t\t\t\t\t\t\t<div id=\"jet-toggle-control-1226\" class=\"jet-toggle__control elementor-menu-anchor\" data-toggle=\"6\" role=\"button\" tabindex=\"0\" aria-controls=\"jet-toggle-content-1226\" aria-expanded=\"false\" data-template-id=\"false\">\n\t\t\t\t\t\t\t\t<div class=\"jet-toggle__label-text\"> Quelles sont les informations importantes \u00e0 fournir dans une demande?<\/div>\t\t\t\t\t\t\t<\/div>\n\t\t\t\t\t\t\t<div id=\"jet-toggle-content-1226\" class=\"jet-toggle__content\" data-toggle=\"6\" role=\"region\" data-template-id=\"false\">\n\t\t\t\t\t\t\t\t<div class=\"jet-toggle__content-inner\"><p>Nous avons besoin des informations suivantes pour \u00eatre en mesure de vous soumettre une offre contraignante:<\/p>\n<p>Nom\/Pr\u00e9nom:<br \/>\nAdresse:<br \/>\nNPA\/Localit\u00e9:<br \/>\nAdresse e-mail:<br \/>\nT\u00e9l.:<br \/>\nQuel est le support sali:<br \/>\nQuelle est la taille de la\/des surface(s):<br \/>\nDate souhait\u00e9e pour le traitement:<\/p>\n<\/div>\n\t\t\t\t\t\t\t<\/div>\n\t\t\t\t\t\t<\/div>\t\t\t<\/div>\n\t\t<\/div>\n\t\t\t\t\t\t<\/div>\n\t\t\t\t<\/div>\n\t\t\t\t\t<\/div>\n\t\t\t\t<\/div>\n\t\t\t\t<\/div>\n\t\t","protected":false},"excerpt":{"rendered":"<p>Was sind Hauptgr\u00fcnde f\u00fcr den Flechten und Algenbefall? ART DES UNTERGRUNDES Auch die Wahl des Putzes spielt eine wesentliche Rolle. Sogenannte Impr\u00e4gnierungen oder Lotuseffekte halten leider nicht das, was sie versprechen \u2013 zumindest, wenn es um Algenwachstum geht. Tautropfen sind um ein Vielfaches kleiner als Regentropfen und flie\u00dfen deswegen nicht von selbst ab. Da aber [&hellip;]<\/p>\n","protected":false},"author":1,"featured_media":0,"parent":0,"menu_order":0,"comment_status":"closed","ping_status":"closed","template":"","meta":[],"class_list":["post-129","page","type-page","status-publish","hentry"],"_links":{"self":[{"href":"https:\/\/www.moosfrei.ch\/fr\/wp-json\/wp\/v2\/pages\/129","targetHints":{"allow":["GET"]}}],"collection":[{"href":"https:\/\/www.moosfrei.ch\/fr\/wp-json\/wp\/v2\/pages"}],"about":[{"href":"https:\/\/www.moosfrei.ch\/fr\/wp-json\/wp\/v2\/types\/page"}],"author":[{"embeddable":true,"href":"https:\/\/www.moosfrei.ch\/fr\/wp-json\/wp\/v2\/users\/1"}],"replies":[{"embeddable":true,"href":"https:\/\/www.moosfrei.ch\/fr\/wp-json\/wp\/v2\/comments?post=129"}],"version-history":[{"count":10,"href":"https:\/\/www.moosfrei.ch\/fr\/wp-json\/wp\/v2\/pages\/129\/revisions"}],"predecessor-version":[{"id":1326,"href":"https:\/\/www.moosfrei.ch\/fr\/wp-json\/wp\/v2\/pages\/129\/revisions\/1326"}],"wp:attachment":[{"href":"https:\/\/www.moosfrei.ch\/fr\/wp-json\/wp\/v2\/media?parent=129"}],"curies":[{"name":"wp","href":"https:\/\/api.w.org\/{rel}","templated":true}]}}